{"id":6097,"date":"2020-07-13T18:11:28","date_gmt":"2020-07-13T16:11:28","guid":{"rendered":"https:\/\/feuerstuhl.de\/?page_id=6097"},"modified":"2025-07-22T08:38:19","modified_gmt":"2025-07-22T06:38:19","slug":"impressum","status":"publish","type":"page","link":"https:\/\/feuerstuhl.de\/index.php\/impressum\/","title":{"rendered":"Impressum"},"content":{"rendered":"\t\t<div data-elementor-type=\"wp-page\" data-elementor-id=\"6097\" class=\"elementor elementor-6097\">\n\t\t\t\t\t\t<section class=\"elementor-section elementor-top-section elementor-element elementor-element-384c43d elementor-section-height-min-height elementor-section-boxed elementor-section-height-default elementor-section-items-middle\" data-id=\"384c43d\" data-element_type=\"section\" data-settings=\"{&quot;background_background&quot;:&quot;classic&quot;}\">\n\t\t\t\t\t\t<div class=\"elementor-container elementor-column-gap-default\">\n\t\t\t\t\t<div class=\"elementor-column elementor-col-100 elementor-top-column elementor-element elementor-element-8e94a39\" data-id=\"8e94a39\" data-element_type=\"column\">\n\t\t\t<div class=\"elementor-widget-wrap elementor-element-populated\">\n\t\t\t\t\t\t<div class=\"elementor-element elementor-element-a92f323 elementor-widget elementor-widget-text-editor\" data-id=\"a92f323\" data-element_type=\"widget\" data-widget_type=\"text-editor.default\">\n\t\t\t\t<div class=\"elementor-widget-container\">\n\t\t\t\t\t\t\t<p>IMPRESSUM<\/p>\t\t\t\t\t\t<\/div>\n\t\t\t\t<\/div>\n\t\t\t\t<div class=\"elementor-element elementor-element-9bcf877 elementor-widget elementor-widget-text-editor\" data-id=\"9bcf877\" data-element_type=\"widget\" data-widget_type=\"text-editor.default\">\n\t\t\t\t<div class=\"elementor-widget-container\">\n\t\t\t\t\t\t\t<p>Wer, wie, was, wo!<\/p>\t\t\t\t\t\t<\/div>\n\t\t\t\t<\/div>\n\t\t\t\t\t<\/div>\n\t\t<\/div>\n\t\t\t\t\t<\/div>\n\t\t<\/section>\n\t\t\t\t<section class=\"elementor-section elementor-top-section elementor-element elementor-element-eb5640c elementor-section-boxed elementor-section-height-default elementor-section-height-default\" data-id=\"eb5640c\" data-element_type=\"section\">\n\t\t\t\t\t\t<div class=\"elementor-container elementor-column-gap-default\">\n\t\t\t\t\t<div class=\"elementor-column elementor-col-100 elementor-top-column elementor-element elementor-element-a6a79d1\" data-id=\"a6a79d1\" data-element_type=\"column\">\n\t\t\t<div class=\"elementor-widget-wrap elementor-element-populated\">\n\t\t\t\t\t\t<div class=\"elementor-element elementor-element-64b2a25 elementor-widget elementor-widget-spacer\" data-id=\"64b2a25\" data-element_type=\"widget\" data-widget_type=\"spacer.default\">\n\t\t\t\t<div class=\"elementor-widget-container\">\n\t\t\t\t\t<div class=\"elementor-spacer\">\n\t\t\t<div class=\"elementor-spacer-inner\"><\/div>\n\t\t<\/div>\n\t\t\t\t<\/div>\n\t\t\t\t<\/div>\n\t\t\t\t\t<\/div>\n\t\t<\/div>\n\t\t\t\t\t<\/div>\n\t\t<\/section>\n\t\t\t\t<section class=\"elementor-section elementor-top-section elementor-element elementor-element-726f948 elementor-section-boxed elementor-section-height-default elementor-section-height-default\" data-id=\"726f948\" data-element_type=\"section\">\n\t\t\t\t\t\t<div class=\"elementor-container elementor-column-gap-default\">\n\t\t\t\t\t<div class=\"elementor-column elementor-col-100 elementor-top-column elementor-element elementor-element-48c5a54\" data-id=\"48c5a54\" data-element_type=\"column\">\n\t\t\t<div class=\"elementor-widget-wrap elementor-element-populated\">\n\t\t\t\t\t\t<div class=\"elementor-element elementor-element-c13083f elementor-widget elementor-widget-text-editor\" data-id=\"c13083f\" data-element_type=\"widget\" data-widget_type=\"text-editor.default\">\n\t\t\t\t<div class=\"elementor-widget-container\">\n\t\t\t\t\t\t\t<p>Feuerstuhl GmbH &amp; Co. KG<br><span style=\"font-size: 16px;\">Hachenburger Stra\u00dfe 12<br><\/span>57580 Gebhardshain<br>Deutschland<\/p>\n<p style=\"font-size: 16px; font-style: normal; font-weight: 400;\"><span style=\"font-size: 16px;\">Telefon: +49 (0) 2747 91588-04<br><\/span>Telefax: +49 (0) 2747 91588-64<\/p>\n<p style=\"font-size: 16px; font-style: normal; font-weight: 400;\">E-Mail: info@feuerstuhl.de<\/p>\n<p>Vertreten durch<br>Feuerstuhl Verwaltungsgesellschaft mbH (Register&nbsp;<span style=\"font-size: 16px; font-style: normal; font-weight: 400;\">Amtsgericht Montabaur,&nbsp;<\/span><span style=\"font-size: 16px; font-style: normal; font-weight: 400;\">&nbsp;<\/span><span style=\"font-size: 16px; font-style: normal; font-weight: 400;\">HRB 22990)<br>Gesch\u00e4ftsf\u00fchrer Oliver Diedershagen und R\u00fcdiger Diedershagen<br><\/span><span style=\"font-size: 16px;\"><br>Sitz der Gesellschaft<br><\/span><span style=\"font-size: 16px;\">Gebhardshain, Deutschland<br><\/span><span style=\"font-size: 16px;\">Register Amtsgericht Montabaur, HRA22557<\/span><\/p><p><span style=\"font-size: 16px;\">Umsatzsteuer-Identifikationsnummer gem\u00e4\u00df \u00a7 27 a Umsatzsteuergesetz<br><\/span><span style=\"font-size: 16px;\">DE815891321<\/span><\/p><p>Wir sind zur Teilnahme an einem Streitbeilegungsverfahren vor einer Verbraucherschlichtungsstelle weder verpflichtet noch bereit.<\/p>\t\t\t\t\t\t<\/div>\n\t\t\t\t<\/div>\n\t\t\t\t\t<\/div>\n\t\t<\/div>\n\t\t\t\t\t<\/div>\n\t\t<\/section>\n\t\t\t\t<\/div>\n\t\t","protected":false},"excerpt":{"rendered":"<p>IMPRESSUM Wer, wie, was, wo! Feuerstuhl GmbH &amp; Co. KGHachenburger Stra\u00dfe 1257580 GebhardshainDeutschland Telefon: +49 (0) 2747 91588-04Telefax: +49 (0) 2747 91588-64 E-Mail: info@feuerstuhl.de Vertreten durchFeuerstuhl Verwaltungsgesellschaft mbH (Register&nbsp;Amtsgericht Montabaur,&nbsp;&nbsp;HRB 22990)Gesch\u00e4ftsf\u00fchrer Oliver Diedershagen und R\u00fcdiger Diedershagen Sitz der GesellschaftGebhardshain, DeutschlandRegister Amtsgericht Montabaur, HRA22557 Umsatzsteuer-Identifikationsnummer gem\u00e4\u00df \u00a7 27 a UmsatzsteuergesetzDE815891321 Wir sind zur Teilnahme an einem [&hellip;]<\/p>\n","protected":false},"author":1,"featured_media":0,"parent":0,"menu_order":0,"comment_status":"closed","ping_status":"closed","template":"","meta":{"_uag_custom_page_level_css":"","site-sidebar-layout":"no-sidebar","site-content-layout":"page-builder","ast-site-content-layout":"","site-content-style":"default","site-sidebar-style":"default","ast-global-header-display":"","ast-banner-title-visibility":"","ast-main-header-display":"","ast-hfb-above-header-display":"","ast-hfb-below-header-display":"","ast-hfb-mobile-header-display":"","site-post-title":"disabled","ast-breadcrumbs-content":"","ast-featured-img":"disabled","footer-sml-layout":"","theme-transparent-header-meta":"enabled","adv-header-id-meta":"","stick-header-meta":"","header-above-stick-meta":"","header-main-stick-meta":"","header-below-stick-meta":"","astra-migrate-meta-layouts":"default","ast-page-background-enabled":"default","ast-page-background-meta":{"desktop":{"background-color":"var(--ast-global-color-4)","background-image":"","background-repeat":"repeat","background-position":"center center","background-size":"auto","background-attachment":"scroll","background-type":"","background-media":"","overlay-type":"","overlay-color":"","overlay-opacity":"","overlay-gradient":""},"tablet":{"background-color":"","background-image":"","background-repeat":"repeat","background-position":"center center","background-size":"auto","background-attachment":"scroll","background-type":"","background-media":"","overlay-type":"","overlay-color":"","overlay-opacity":"","overlay-gradient":""},"mobile":{"background-color":"","background-image":"","background-repeat":"repeat","background-position":"center center","background-size":"auto","background-attachment":"scroll","background-type":"","background-media":"","overlay-type":"","overlay-color":"","overlay-opacity":"","overlay-gradient":""}},"ast-content-background-meta":{"desktop":{"background-color":"var(--ast-global-color-5)","background-image":"","background-repeat":"repeat","background-position":"center center","background-size":"auto","background-attachment":"scroll","background-type":"","background-media":"","overlay-type":"","overlay-color":"","overlay-opacity":"","overlay-gradient":""},"tablet":{"background-color":"var(--ast-global-color-5)","background-image":"","background-repeat":"repeat","background-position":"center center","background-size":"auto","background-attachment":"scroll","background-type":"","background-media":"","overlay-type":"","overlay-color":"","overlay-opacity":"","overlay-gradient":""},"mobile":{"background-color":"var(--ast-global-color-5)","background-image":"","background-repeat":"repeat","background-position":"center center","background-size":"auto","background-attachment":"scroll","background-type":"","background-media":"","overlay-type":"","overlay-color":"","overlay-opacity":"","overlay-gradient":""}}},"uagb_featured_image_src":{"full":false,"thumbnail":false,"medium":false,"medium_large":false,"large":false,"1536x1536":false,"2048x2048":false},"uagb_author_info":{"display_name":"fsadmin","author_link":"https:\/\/feuerstuhl.de\/index.php\/author\/fsadmin\/"},"uagb_comment_info":0,"uagb_excerpt":"IMPRESSUM Wer, wie, was, wo! Feuerstuhl GmbH &amp; Co. KGHachenburger Stra\u00dfe 1257580 GebhardshainDeutschland Telefon: +49 (0) 2747 91588-04Telefax: +49 (0) 2747 91588-64 E-Mail: info@feuerstuhl.de Vertreten durchFeuerstuhl Verwaltungsgesellschaft mbH (Register&nbsp;Amtsgericht Montabaur,&nbsp;&nbsp;HRB 22990)Gesch\u00e4ftsf\u00fchrer Oliver Diedershagen und R\u00fcdiger Diedershagen Sitz der GesellschaftGebhardshain, DeutschlandRegister Amtsgericht Montabaur, HRA22557 Umsatzsteuer-Identifikationsnummer gem\u00e4\u00df \u00a7 27 a UmsatzsteuergesetzDE815891321 Wir sind zur Teilnahme an einem&hellip;","_links":{"self":[{"href":"https:\/\/feuerstuhl.de\/index.php\/wp-json\/wp\/v2\/pages\/6097"}],"collection":[{"href":"https:\/\/feuerstuhl.de\/index.php\/wp-json\/wp\/v2\/pages"}],"about":[{"href":"https:\/\/feuerstuhl.de\/index.php\/wp-json\/wp\/v2\/types\/page"}],"author":[{"embeddable":true,"href":"https:\/\/feuerstuhl.de\/index.php\/wp-json\/wp\/v2\/users\/1"}],"replies":[{"embeddable":true,"href":"https:\/\/feuerstuhl.de\/index.php\/wp-json\/wp\/v2\/comments?post=6097"}],"version-history":[{"count":20,"href":"https:\/\/feuerstuhl.de\/index.php\/wp-json\/wp\/v2\/pages\/6097\/revisions"}],"predecessor-version":[{"id":6278,"href":"https:\/\/feuerstuhl.de\/index.php\/wp-json\/wp\/v2\/pages\/6097\/revisions\/6278"}],"wp:attachment":[{"href":"https:\/\/feuerstuhl.de\/index.php\/wp-json\/wp\/v2\/media?parent=6097"}],"curies":[{"name":"wp","href":"https:\/\/api.w.org\/{rel}","templated":true}]}}