{"id":6052,"date":"2020-07-13T16:21:35","date_gmt":"2020-07-13T14:21:35","guid":{"rendered":"https:\/\/feuerstuhl.de\/?page_id=6052"},"modified":"2023-01-26T12:02:25","modified_gmt":"2023-01-26T11:02:25","slug":"startseite","status":"publish","type":"page","link":"https:\/\/feuerstuhl.de\/","title":{"rendered":"Startseite"},"content":{"rendered":"\t\t<div data-elementor-type=\"wp-page\" data-elementor-id=\"6052\" class=\"elementor elementor-6052\">\n\t\t\t\t\t\t<section class=\"elementor-section elementor-top-section elementor-element elementor-element-31542e2 elementor-section-height-min-height elementor-section-boxed elementor-section-height-default elementor-section-items-middle\" data-id=\"31542e2\" data-element_type=\"section\" data-settings=\"{&quot;background_background&quot;:&quot;classic&quot;}\">\n\t\t\t\t\t\t<div class=\"elementor-container elementor-column-gap-default\">\n\t\t\t\t\t<div class=\"elementor-column elementor-col-100 elementor-top-column elementor-element elementor-element-65e51b4\" data-id=\"65e51b4\" data-element_type=\"column\">\n\t\t\t<div class=\"elementor-widget-wrap elementor-element-populated\">\n\t\t\t\t\t\t<div class=\"elementor-element elementor-element-7e64f60 elementor-widget elementor-widget-text-editor\" data-id=\"7e64f60\" data-element_type=\"widget\" data-widget_type=\"text-editor.default\">\n\t\t\t\t<div class=\"elementor-widget-container\">\n\t\t\t\t\t\t\t<p>FEUERSTUHL GMBH &amp; CO. KG<\/p>\t\t\t\t\t\t<\/div>\n\t\t\t\t<\/div>\n\t\t\t\t<div class=\"elementor-element elementor-element-275a3d7 elementor-widget elementor-widget-text-editor\" data-id=\"275a3d7\" data-element_type=\"widget\" data-widget_type=\"text-editor.default\">\n\t\t\t\t<div class=\"elementor-widget-container\">\n\t\t\t\t\t\t\t<p>Import, Gro\u00df- und Onlinehandel.<\/p>\t\t\t\t\t\t<\/div>\n\t\t\t\t<\/div>\n\t\t\t\t\t<\/div>\n\t\t<\/div>\n\t\t\t\t\t<\/div>\n\t\t<\/section>\n\t\t\t\t<section class=\"elementor-section elementor-top-section elementor-element elementor-element-a601fc9 elementor-section-boxed elementor-section-height-default elementor-section-height-default\" data-id=\"a601fc9\" data-element_type=\"section\">\n\t\t\t\t\t\t<div class=\"elementor-container elementor-column-gap-default\">\n\t\t\t\t\t<div class=\"elementor-column elementor-col-100 elementor-top-column elementor-element elementor-element-3be235b\" data-id=\"3be235b\" data-element_type=\"column\">\n\t\t\t<div class=\"elementor-widget-wrap elementor-element-populated\">\n\t\t\t\t\t\t<div class=\"elementor-element elementor-element-c96c72a elementor-widget elementor-widget-spacer\" data-id=\"c96c72a\" data-element_type=\"widget\" data-widget_type=\"spacer.default\">\n\t\t\t\t<div class=\"elementor-widget-container\">\n\t\t\t\t\t<div class=\"elementor-spacer\">\n\t\t\t<div class=\"elementor-spacer-inner\"><\/div>\n\t\t<\/div>\n\t\t\t\t<\/div>\n\t\t\t\t<\/div>\n\t\t\t\t\t<\/div>\n\t\t<\/div>\n\t\t\t\t\t<\/div>\n\t\t<\/section>\n\t\t\t\t<section class=\"elementor-section elementor-top-section elementor-element elementor-element-23340b8 elementor-section-boxed elementor-section-height-default elementor-section-height-default\" data-id=\"23340b8\" data-element_type=\"section\">\n\t\t\t\t\t\t<div class=\"elementor-container elementor-column-gap-default\">\n\t\t\t\t\t<div class=\"elementor-column elementor-col-100 elementor-top-column elementor-element elementor-element-5a59166\" data-id=\"5a59166\" data-element_type=\"column\">\n\t\t\t<div class=\"elementor-widget-wrap elementor-element-populated\">\n\t\t\t\t\t\t<div class=\"elementor-element elementor-element-65482de elementor-widget elementor-widget-heading\" data-id=\"65482de\" data-element_type=\"widget\" data-widget_type=\"heading.default\">\n\t\t\t\t<div class=\"elementor-widget-container\">\n\t\t\t<h2 class=\"elementor-heading-title elementor-size-large\">Unsere Aufgabe<\/h2>\t\t<\/div>\n\t\t\t\t<\/div>\n\t\t\t\t<div class=\"elementor-element elementor-element-47dddbe elementor-widget elementor-widget-text-editor\" data-id=\"47dddbe\" data-element_type=\"widget\" data-widget_type=\"text-editor.default\">\n\t\t\t\t<div class=\"elementor-widget-container\">\n\t\t\t\t\t\t\t<p><strong>Wir sehen unsere Aufgabe darin, unseren Kunden hochwertige und sichere Motorradteile zu bestm\u00f6glichen und fairen Preisen anzubieten.<\/strong><\/p><p>Eine Vielzahl der von uns angebotenen Produkte importieren wir selbst. Den durch den direkten Import aus Asien, Nordamerika und einigen europ\u00e4ischen L\u00e4ndern entstehenden Preisvorteil geben wir an unsere Kunden weiter.<\/p><p>Der Verkauf erfolgt in der Regel \u00fcber diverse Online-Marktpl\u00e4tze sowie direkt per Telefon oder per Email.<\/p><p>Unser Lager ist hervorragend sortiert und immer bestens gef\u00fcllt. So ist auch in der Hochsaison der schnelle und vollst\u00e4ndige Versand garantiert. Die Abholung der Sendungen durch DHL erfolgt bis zu zweimal t\u00e4glich.<\/p>\t\t\t\t\t\t<\/div>\n\t\t\t\t<\/div>\n\t\t\t\t\t<\/div>\n\t\t<\/div>\n\t\t\t\t\t<\/div>\n\t\t<\/section>\n\t\t\t\t<section class=\"elementor-section elementor-top-section elementor-element elementor-element-198f474 elementor-section-boxed elementor-section-height-default elementor-section-height-default\" data-id=\"198f474\" data-element_type=\"section\">\n\t\t\t\t\t\t<div class=\"elementor-container elementor-column-gap-default\">\n\t\t\t\t\t<div class=\"elementor-column elementor-col-16 elementor-top-column elementor-element elementor-element-fb8f7e9\" data-id=\"fb8f7e9\" data-element_type=\"column\">\n\t\t\t<div class=\"elementor-widget-wrap elementor-element-populated\">\n\t\t\t\t\t\t<div class=\"elementor-element elementor-element-c58a96c elementor-widget elementor-widget-image\" data-id=\"c58a96c\" data-element_type=\"widget\" data-widget_type=\"image.default\">\n\t\t\t\t<div class=\"elementor-widget-container\">\n\t\t\t\t\t\t\t\t\t\t\t\t\t<img fetchpriority=\"high\" decoding=\"async\" width=\"960\" height=\"960\" src=\"https:\/\/feuerstuhl.de\/wp-content\/uploads\/2020\/07\/DSC01640_klein.jpg\" class=\"attachment-full size-full wp-image-6000\" alt=\"\" srcset=\"https:\/\/feuerstuhl.de\/wp-content\/uploads\/2020\/07\/DSC01640_klein.jpg 960w, https:\/\/feuerstuhl.de\/wp-content\/uploads\/2020\/07\/DSC01640_klein-300x300.jpg 300w, https:\/\/feuerstuhl.de\/wp-content\/uploads\/2020\/07\/DSC01640_klein-150x150.jpg 150w, https:\/\/feuerstuhl.de\/wp-content\/uploads\/2020\/07\/DSC01640_klein-768x768.jpg 768w\" sizes=\"(max-width: 960px) 100vw, 960px\" \/>\t\t\t\t\t\t\t\t\t\t\t\t\t<\/div>\n\t\t\t\t<\/div>\n\t\t\t\t\t<\/div>\n\t\t<\/div>\n\t\t\t\t<div class=\"elementor-column elementor-col-16 elementor-top-column elementor-element elementor-element-b360b6a\" data-id=\"b360b6a\" data-element_type=\"column\">\n\t\t\t<div class=\"elementor-widget-wrap elementor-element-populated\">\n\t\t\t\t\t\t<div class=\"elementor-element elementor-element-73d6ebb elementor-widget elementor-widget-image\" data-id=\"73d6ebb\" data-element_type=\"widget\" data-widget_type=\"image.default\">\n\t\t\t\t<div class=\"elementor-widget-container\">\n\t\t\t\t\t\t\t\t\t\t\t\t\t<img decoding=\"async\" width=\"960\" height=\"960\" src=\"https:\/\/feuerstuhl.de\/wp-content\/uploads\/2020\/07\/DSC01646_klein.jpg\" class=\"attachment-large size-large wp-image-6002\" alt=\"\" srcset=\"https:\/\/feuerstuhl.de\/wp-content\/uploads\/2020\/07\/DSC01646_klein.jpg 960w, https:\/\/feuerstuhl.de\/wp-content\/uploads\/2020\/07\/DSC01646_klein-300x300.jpg 300w, https:\/\/feuerstuhl.de\/wp-content\/uploads\/2020\/07\/DSC01646_klein-150x150.jpg 150w, https:\/\/feuerstuhl.de\/wp-content\/uploads\/2020\/07\/DSC01646_klein-768x768.jpg 768w\" sizes=\"(max-width: 960px) 100vw, 960px\" \/>\t\t\t\t\t\t\t\t\t\t\t\t\t<\/div>\n\t\t\t\t<\/div>\n\t\t\t\t\t<\/div>\n\t\t<\/div>\n\t\t\t\t<div class=\"elementor-column elementor-col-16 elementor-top-column elementor-element elementor-element-0eae708\" data-id=\"0eae708\" data-element_type=\"column\">\n\t\t\t<div class=\"elementor-widget-wrap elementor-element-populated\">\n\t\t\t\t\t\t<div class=\"elementor-element elementor-element-9abb80e elementor-widget elementor-widget-image\" data-id=\"9abb80e\" data-element_type=\"widget\" data-widget_type=\"image.default\">\n\t\t\t\t<div class=\"elementor-widget-container\">\n\t\t\t\t\t\t\t\t\t\t\t\t\t<img decoding=\"async\" width=\"960\" height=\"960\" src=\"https:\/\/feuerstuhl.de\/wp-content\/uploads\/2020\/07\/DSC01787_klein.jpg\" class=\"attachment-large size-large wp-image-6004\" alt=\"\" srcset=\"https:\/\/feuerstuhl.de\/wp-content\/uploads\/2020\/07\/DSC01787_klein.jpg 960w, https:\/\/feuerstuhl.de\/wp-content\/uploads\/2020\/07\/DSC01787_klein-300x300.jpg 300w, https:\/\/feuerstuhl.de\/wp-content\/uploads\/2020\/07\/DSC01787_klein-150x150.jpg 150w, https:\/\/feuerstuhl.de\/wp-content\/uploads\/2020\/07\/DSC01787_klein-768x768.jpg 768w\" sizes=\"(max-width: 960px) 100vw, 960px\" \/>\t\t\t\t\t\t\t\t\t\t\t\t\t<\/div>\n\t\t\t\t<\/div>\n\t\t\t\t\t<\/div>\n\t\t<\/div>\n\t\t\t\t<div class=\"elementor-column elementor-col-16 elementor-top-column elementor-element elementor-element-d282c6d\" data-id=\"d282c6d\" data-element_type=\"column\">\n\t\t\t<div class=\"elementor-widget-wrap elementor-element-populated\">\n\t\t\t\t\t\t<div class=\"elementor-element elementor-element-7386235 elementor-widget elementor-widget-image\" data-id=\"7386235\" data-element_type=\"widget\" data-widget_type=\"image.default\">\n\t\t\t\t<div class=\"elementor-widget-container\">\n\t\t\t\t\t\t\t\t\t\t\t\t\t<img loading=\"lazy\" decoding=\"async\" width=\"960\" height=\"960\" src=\"https:\/\/feuerstuhl.de\/wp-content\/uploads\/2020\/07\/DSC01836_klein.jpg\" class=\"attachment-large size-large wp-image-6005\" alt=\"\" srcset=\"https:\/\/feuerstuhl.de\/wp-content\/uploads\/2020\/07\/DSC01836_klein.jpg 960w, https:\/\/feuerstuhl.de\/wp-content\/uploads\/2020\/07\/DSC01836_klein-300x300.jpg 300w, https:\/\/feuerstuhl.de\/wp-content\/uploads\/2020\/07\/DSC01836_klein-150x150.jpg 150w, https:\/\/feuerstuhl.de\/wp-content\/uploads\/2020\/07\/DSC01836_klein-768x768.jpg 768w\" sizes=\"(max-width: 960px) 100vw, 960px\" \/>\t\t\t\t\t\t\t\t\t\t\t\t\t<\/div>\n\t\t\t\t<\/div>\n\t\t\t\t\t<\/div>\n\t\t<\/div>\n\t\t\t\t<div class=\"elementor-column elementor-col-16 elementor-top-column elementor-element elementor-element-eb131e6\" data-id=\"eb131e6\" data-element_type=\"column\">\n\t\t\t<div class=\"elementor-widget-wrap elementor-element-populated\">\n\t\t\t\t\t\t<div class=\"elementor-element elementor-element-adcbda9 elementor-widget elementor-widget-image\" data-id=\"adcbda9\" data-element_type=\"widget\" data-widget_type=\"image.default\">\n\t\t\t\t<div class=\"elementor-widget-container\">\n\t\t\t\t\t\t\t\t\t\t\t\t\t<img loading=\"lazy\" decoding=\"async\" width=\"960\" height=\"960\" src=\"https:\/\/feuerstuhl.de\/wp-content\/uploads\/2020\/07\/DSC01843_klein.jpg\" class=\"attachment-large size-large wp-image-6006\" alt=\"\" srcset=\"https:\/\/feuerstuhl.de\/wp-content\/uploads\/2020\/07\/DSC01843_klein.jpg 960w, https:\/\/feuerstuhl.de\/wp-content\/uploads\/2020\/07\/DSC01843_klein-300x300.jpg 300w, https:\/\/feuerstuhl.de\/wp-content\/uploads\/2020\/07\/DSC01843_klein-150x150.jpg 150w, https:\/\/feuerstuhl.de\/wp-content\/uploads\/2020\/07\/DSC01843_klein-768x768.jpg 768w\" sizes=\"(max-width: 960px) 100vw, 960px\" \/>\t\t\t\t\t\t\t\t\t\t\t\t\t<\/div>\n\t\t\t\t<\/div>\n\t\t\t\t\t<\/div>\n\t\t<\/div>\n\t\t\t\t<div class=\"elementor-column elementor-col-16 elementor-top-column elementor-element elementor-element-a366af3\" data-id=\"a366af3\" data-element_type=\"column\">\n\t\t\t<div class=\"elementor-widget-wrap elementor-element-populated\">\n\t\t\t\t\t\t<div class=\"elementor-element elementor-element-0f01de5 elementor-widget elementor-widget-image\" data-id=\"0f01de5\" data-element_type=\"widget\" data-widget_type=\"image.default\">\n\t\t\t\t<div class=\"elementor-widget-container\">\n\t\t\t\t\t\t\t\t\t\t\t\t\t<img loading=\"lazy\" decoding=\"async\" width=\"960\" height=\"960\" src=\"https:\/\/feuerstuhl.de\/wp-content\/uploads\/2020\/07\/DSC01644_klein.jpg\" class=\"attachment-large size-large wp-image-6001\" alt=\"\" srcset=\"https:\/\/feuerstuhl.de\/wp-content\/uploads\/2020\/07\/DSC01644_klein.jpg 960w, https:\/\/feuerstuhl.de\/wp-content\/uploads\/2020\/07\/DSC01644_klein-300x300.jpg 300w, https:\/\/feuerstuhl.de\/wp-content\/uploads\/2020\/07\/DSC01644_klein-150x150.jpg 150w, https:\/\/feuerstuhl.de\/wp-content\/uploads\/2020\/07\/DSC01644_klein-768x768.jpg 768w\" sizes=\"(max-width: 960px) 100vw, 960px\" \/>\t\t\t\t\t\t\t\t\t\t\t\t\t<\/div>\n\t\t\t\t<\/div>\n\t\t\t\t\t<\/div>\n\t\t<\/div>\n\t\t\t\t\t<\/div>\n\t\t<\/section>\n\t\t\t\t<section class=\"elementor-section elementor-top-section elementor-element elementor-element-88b4a21 elementor-section-boxed elementor-section-height-default elementor-section-height-default\" data-id=\"88b4a21\" data-element_type=\"section\">\n\t\t\t\t\t\t<div class=\"elementor-container elementor-column-gap-default\">\n\t\t\t\t\t<div class=\"elementor-column elementor-col-100 elementor-top-column elementor-element elementor-element-8fe2136\" data-id=\"8fe2136\" data-element_type=\"column\">\n\t\t\t<div class=\"elementor-widget-wrap elementor-element-populated\">\n\t\t\t\t\t\t<div class=\"elementor-element elementor-element-edd147d elementor-widget elementor-widget-spacer\" data-id=\"edd147d\" data-element_type=\"widget\" data-widget_type=\"spacer.default\">\n\t\t\t\t<div class=\"elementor-widget-container\">\n\t\t\t\t\t<div class=\"elementor-spacer\">\n\t\t\t<div class=\"elementor-spacer-inner\"><\/div>\n\t\t<\/div>\n\t\t\t\t<\/div>\n\t\t\t\t<\/div>\n\t\t\t\t\t<\/div>\n\t\t<\/div>\n\t\t\t\t\t<\/div>\n\t\t<\/section>\n\t\t\t\t<section class=\"elementor-section elementor-top-section elementor-element elementor-element-1fd55af elementor-section-boxed elementor-section-height-default elementor-section-height-default\" data-id=\"1fd55af\" data-element_type=\"section\">\n\t\t\t\t\t\t<div class=\"elementor-container elementor-column-gap-default\">\n\t\t\t\t\t<div class=\"elementor-column elementor-col-100 elementor-top-column elementor-element elementor-element-4eb7024\" data-id=\"4eb7024\" data-element_type=\"column\">\n\t\t\t<div class=\"elementor-widget-wrap elementor-element-populated\">\n\t\t\t\t\t\t<div class=\"elementor-element elementor-element-6bcd946 elementor-widget elementor-widget-heading\" data-id=\"6bcd946\" data-element_type=\"widget\" data-widget_type=\"heading.default\">\n\t\t\t\t<div class=\"elementor-widget-container\">\n\t\t\t<h2 class=\"elementor-heading-title elementor-size-large\">Unsere Geschichte<\/h2>\t\t<\/div>\n\t\t\t\t<\/div>\n\t\t\t\t<div class=\"elementor-element elementor-element-7be3d25 elementor-widget elementor-widget-text-editor\" data-id=\"7be3d25\" data-element_type=\"widget\" data-widget_type=\"text-editor.default\">\n\t\t\t\t<div class=\"elementor-widget-container\">\n\t\t\t\t\t\t\t<p>2004 &#8211; Gesch\u00e4ftsgr\u00fcndung<br>2005 &#8211; erste Verk\u00e4ufe von Motorradteilen bei Ebay.de und Ricardo.de<br>2007 &#8211; \u00dcbernahme der Domain feuerstuhl.de<br>2008 &#8211; Erwerb des aktuellen Firmensitzes<br><span style=\"font-size: 16px;\">2010 &#8211; Einladung zum Amazon Vendor Programm<br><\/span><span style=\"font-size: 16px;\">2011 &#8211; Gr\u00fcndung der Schwestergesellschaft Feuerstuhl.de GmbH<br><\/span>2012 &#8211; Er\u00f6ffnung Ladenlokal<br>2015 &#8211; weltweit gr\u00f6\u00dfter Ebay-Verk\u00e4ufer f\u00fcr DID Kettens\u00e4tze<br>2017 &#8211; Generalimport XAM <a href=\"http:\/\/www.rk-malaysia.com\/\" target=\"_blank\" rel=\"noopener\">RK South Asia<\/a><br>2017 &#8211; Sponsoring <a href=\"https:\/\/de-de.facebook.com\/pages\/category\/Shopping---Retail\/SHR-Motorsports-135138209909021\/\" target=\"_blank\" rel=\"noopener\">SHR Motorsport<\/a> (aktuell Yamaha Deutschland Werksteam)<br>2018 &#8211; Direktimport <a href=\"https:\/\/www.ognibenechaintech.com\/de\/\" target=\"_blank\" rel=\"noopener\">Ognibene Italy<\/a><br>2020 &#8211; Gr\u00fcndung der Feuerstuhl GmbH &amp; Co. KG<\/p>\t\t\t\t\t\t<\/div>\n\t\t\t\t<\/div>\n\t\t\t\t\t<\/div>\n\t\t<\/div>\n\t\t\t\t\t<\/div>\n\t\t<\/section>\n\t\t\t\t<section class=\"elementor-section elementor-top-section elementor-element elementor-element-36fa64b elementor-section-boxed elementor-section-height-default elementor-section-height-default\" data-id=\"36fa64b\" data-element_type=\"section\">\n\t\t\t\t\t\t<div class=\"elementor-container elementor-column-gap-default\">\n\t\t\t\t\t<div class=\"elementor-column elementor-col-100 elementor-top-column elementor-element elementor-element-4cbe588\" data-id=\"4cbe588\" data-element_type=\"column\">\n\t\t\t<div class=\"elementor-widget-wrap elementor-element-populated\">\n\t\t\t\t\t\t<div class=\"elementor-element elementor-element-b6a76d9 elementor-widget elementor-widget-spacer\" data-id=\"b6a76d9\" data-element_type=\"widget\" data-widget_type=\"spacer.default\">\n\t\t\t\t<div class=\"elementor-widget-container\">\n\t\t\t\t\t<div class=\"elementor-spacer\">\n\t\t\t<div class=\"elementor-spacer-inner\"><\/div>\n\t\t<\/div>\n\t\t\t\t<\/div>\n\t\t\t\t<\/div>\n\t\t\t\t\t<\/div>\n\t\t<\/div>\n\t\t\t\t\t<\/div>\n\t\t<\/section>\n\t\t\t\t<section class=\"elementor-section elementor-top-section elementor-element elementor-element-9a42d24 elementor-section-boxed elementor-section-height-default elementor-section-height-default\" data-id=\"9a42d24\" data-element_type=\"section\">\n\t\t\t\t\t\t<div class=\"elementor-container elementor-column-gap-default\">\n\t\t\t\t\t<div class=\"elementor-column elementor-col-33 elementor-top-column elementor-element elementor-element-4161bec\" data-id=\"4161bec\" data-element_type=\"column\">\n\t\t\t<div class=\"elementor-widget-wrap elementor-element-populated\">\n\t\t\t\t\t\t<div class=\"elementor-element elementor-element-fd6c2e1 elementor-widget elementor-widget-image\" data-id=\"fd6c2e1\" data-element_type=\"widget\" data-widget_type=\"image.default\">\n\t\t\t\t<div class=\"elementor-widget-container\">\n\t\t\t\t\t\t\t\t\t\t<figure class=\"wp-caption\">\n\t\t\t\t\t\t\t\t\t\t<img loading=\"lazy\" decoding=\"async\" width=\"400\" height=\"267\" src=\"https:\/\/feuerstuhl.de\/wp-content\/uploads\/2020\/07\/laden3.jpg\" class=\"attachment-full size-full wp-image-6148\" alt=\"\" srcset=\"https:\/\/feuerstuhl.de\/wp-content\/uploads\/2020\/07\/laden3.jpg 400w, https:\/\/feuerstuhl.de\/wp-content\/uploads\/2020\/07\/laden3-300x200.jpg 300w\" sizes=\"(max-width: 400px) 100vw, 400px\" \/>\t\t\t\t\t\t\t\t\t\t\t<figcaption class=\"widget-image-caption wp-caption-text\">Ladenlokal 2012<\/figcaption>\n\t\t\t\t\t\t\t\t\t\t<\/figure>\n\t\t\t\t\t\t\t<\/div>\n\t\t\t\t<\/div>\n\t\t\t\t\t<\/div>\n\t\t<\/div>\n\t\t\t\t<div class=\"elementor-column elementor-col-33 elementor-top-column elementor-element elementor-element-e89e666\" data-id=\"e89e666\" data-element_type=\"column\">\n\t\t\t<div class=\"elementor-widget-wrap elementor-element-populated\">\n\t\t\t\t\t\t<div class=\"elementor-element elementor-element-0b8a8bd elementor-widget elementor-widget-image\" data-id=\"0b8a8bd\" data-element_type=\"widget\" data-widget_type=\"image.default\">\n\t\t\t\t<div class=\"elementor-widget-container\">\n\t\t\t\t\t\t\t\t\t\t<figure class=\"wp-caption\">\n\t\t\t\t\t\t\t\t\t\t<img loading=\"lazy\" decoding=\"async\" width=\"400\" height=\"267\" src=\"https:\/\/feuerstuhl.de\/wp-content\/uploads\/2020\/07\/laden1.jpg\" class=\"attachment-full size-full wp-image-6146\" alt=\"\" srcset=\"https:\/\/feuerstuhl.de\/wp-content\/uploads\/2020\/07\/laden1.jpg 400w, https:\/\/feuerstuhl.de\/wp-content\/uploads\/2020\/07\/laden1-300x200.jpg 300w\" sizes=\"(max-width: 400px) 100vw, 400px\" \/>\t\t\t\t\t\t\t\t\t\t\t<figcaption class=\"widget-image-caption wp-caption-text\">Ladenlokal 2012<\/figcaption>\n\t\t\t\t\t\t\t\t\t\t<\/figure>\n\t\t\t\t\t\t\t<\/div>\n\t\t\t\t<\/div>\n\t\t\t\t\t<\/div>\n\t\t<\/div>\n\t\t\t\t<div class=\"elementor-column elementor-col-33 elementor-top-column elementor-element elementor-element-197f3d6\" data-id=\"197f3d6\" data-element_type=\"column\">\n\t\t\t<div class=\"elementor-widget-wrap elementor-element-populated\">\n\t\t\t\t\t\t<div class=\"elementor-element elementor-element-5877455 elementor-widget elementor-widget-image\" data-id=\"5877455\" data-element_type=\"widget\" data-widget_type=\"image.default\">\n\t\t\t\t<div class=\"elementor-widget-container\">\n\t\t\t\t\t\t\t\t\t\t<figure class=\"wp-caption\">\n\t\t\t\t\t\t\t\t\t\t<img loading=\"lazy\" decoding=\"async\" width=\"400\" height=\"251\" src=\"https:\/\/feuerstuhl.de\/wp-content\/uploads\/2020\/07\/laden2.jpg\" class=\"attachment-full size-full wp-image-6147\" alt=\"\" srcset=\"https:\/\/feuerstuhl.de\/wp-content\/uploads\/2020\/07\/laden2.jpg 400w, https:\/\/feuerstuhl.de\/wp-content\/uploads\/2020\/07\/laden2-300x188.jpg 300w\" sizes=\"(max-width: 400px) 100vw, 400px\" \/>\t\t\t\t\t\t\t\t\t\t\t<figcaption class=\"widget-image-caption wp-caption-text\">Ladenlokal 2012<\/figcaption>\n\t\t\t\t\t\t\t\t\t\t<\/figure>\n\t\t\t\t\t\t\t<\/div>\n\t\t\t\t<\/div>\n\t\t\t\t\t<\/div>\n\t\t<\/div>\n\t\t\t\t\t<\/div>\n\t\t<\/section>\n\t\t\t\t<section class=\"elementor-section elementor-top-section elementor-element elementor-element-b35ad35 elementor-section-boxed elementor-section-height-default elementor-section-height-default\" data-id=\"b35ad35\" data-element_type=\"section\">\n\t\t\t\t\t\t<div class=\"elementor-container elementor-column-gap-default\">\n\t\t\t\t\t<div class=\"elementor-column elementor-col-100 elementor-top-column elementor-element elementor-element-9c82139\" data-id=\"9c82139\" data-element_type=\"column\">\n\t\t\t<div class=\"elementor-widget-wrap elementor-element-populated\">\n\t\t\t\t\t\t<div class=\"elementor-element elementor-element-722772b elementor-widget elementor-widget-spacer\" data-id=\"722772b\" data-element_type=\"widget\" data-widget_type=\"spacer.default\">\n\t\t\t\t<div class=\"elementor-widget-container\">\n\t\t\t\t\t<div class=\"elementor-spacer\">\n\t\t\t<div class=\"elementor-spacer-inner\"><\/div>\n\t\t<\/div>\n\t\t\t\t<\/div>\n\t\t\t\t<\/div>\n\t\t\t\t\t<\/div>\n\t\t<\/div>\n\t\t\t\t\t<\/div>\n\t\t<\/section>\n\t\t\t\t<\/div>\n\t\t","protected":false},"excerpt":{"rendered":"<p>FEUERSTUHL GMBH &amp; CO. KG Import, Gro\u00df- und Onlinehandel. Unsere Aufgabe Wir sehen unsere Aufgabe darin, unseren Kunden hochwertige und sichere Motorradteile zu bestm\u00f6glichen und fairen Preisen anzubieten. Eine Vielzahl der von uns angebotenen Produkte importieren wir selbst. Den durch den direkten Import aus Asien, Nordamerika und einigen europ\u00e4ischen L\u00e4ndern entstehenden Preisvorteil geben wir an [&hellip;]<\/p>\n","protected":false},"author":1,"featured_media":0,"parent":0,"menu_order":0,"comment_status":"closed","ping_status":"closed","template":"","meta":{"_uag_custom_page_level_css":"","site-sidebar-layout":"no-sidebar","site-content-layout":"page-builder","ast-site-content-layout":"","site-content-style":"default","site-sidebar-style":"default","ast-global-header-display":"","ast-banner-title-visibility":"","ast-main-header-display":"","ast-hfb-above-header-display":"","ast-hfb-below-header-display":"","ast-hfb-mobile-header-display":"","site-post-title":"disabled","ast-breadcrumbs-content":"","ast-featured-img":"disabled","footer-sml-layout":"","theme-transparent-header-meta":"enabled","adv-header-id-meta":"","stick-header-meta":"","header-above-stick-meta":"","header-main-stick-meta":"","header-below-stick-meta":"","astra-migrate-meta-layouts":"default","ast-page-background-enabled":"default","ast-page-background-meta":{"desktop":{"background-color":"var(--ast-global-color-4)","background-image":"","background-repeat":"repeat","background-position":"center center","background-size":"auto","background-attachment":"scroll","background-type":"","background-media":"","overlay-type":"","overlay-color":"","overlay-opacity":"","overlay-gradient":""},"tablet":{"background-color":"","background-image":"","background-repeat":"repeat","background-position":"center center","background-size":"auto","background-attachment":"scroll","background-type":"","background-media":"","overlay-type":"","overlay-color":"","overlay-opacity":"","overlay-gradient":""},"mobile":{"background-color":"","background-image":"","background-repeat":"repeat","background-position":"center center","background-size":"auto","background-attachment":"scroll","background-type":"","background-media":"","overlay-type":"","overlay-color":"","overlay-opacity":"","overlay-gradient":""}},"ast-content-background-meta":{"desktop":{"background-color":"var(--ast-global-color-5)","background-image":"","background-repeat":"repeat","background-position":"center center","background-size":"auto","background-attachment":"scroll","background-type":"","background-media":"","overlay-type":"","overlay-color":"","overlay-opacity":"","overlay-gradient":""},"tablet":{"background-color":"var(--ast-global-color-5)","background-image":"","background-repeat":"repeat","background-position":"center center","background-size":"auto","background-attachment":"scroll","background-type":"","background-media":"","overlay-type":"","overlay-color":"","overlay-opacity":"","overlay-gradient":""},"mobile":{"background-color":"var(--ast-global-color-5)","background-image":"","background-repeat":"repeat","background-position":"center center","background-size":"auto","background-attachment":"scroll","background-type":"","background-media":"","overlay-type":"","overlay-color":"","overlay-opacity":"","overlay-gradient":""}}},"uagb_featured_image_src":{"full":false,"thumbnail":false,"medium":false,"medium_large":false,"large":false,"1536x1536":false,"2048x2048":false},"uagb_author_info":{"display_name":"fsadmin","author_link":"https:\/\/feuerstuhl.de\/index.php\/author\/fsadmin\/"},"uagb_comment_info":0,"uagb_excerpt":"FEUERSTUHL GMBH &amp; CO. KG Import, Gro\u00df- und Onlinehandel. Unsere Aufgabe Wir sehen unsere Aufgabe darin, unseren Kunden hochwertige und sichere Motorradteile zu bestm\u00f6glichen und fairen Preisen anzubieten. Eine Vielzahl der von uns angebotenen Produkte importieren wir selbst. Den durch den direkten Import aus Asien, Nordamerika und einigen europ\u00e4ischen L\u00e4ndern entstehenden Preisvorteil geben wir an&hellip;","_links":{"self":[{"href":"https:\/\/feuerstuhl.de\/index.php\/wp-json\/wp\/v2\/pages\/6052"}],"collection":[{"href":"https:\/\/feuerstuhl.de\/index.php\/wp-json\/wp\/v2\/pages"}],"about":[{"href":"https:\/\/feuerstuhl.de\/index.php\/wp-json\/wp\/v2\/types\/page"}],"author":[{"embeddable":true,"href":"https:\/\/feuerstuhl.de\/index.php\/wp-json\/wp\/v2\/users\/1"}],"replies":[{"embeddable":true,"href":"https:\/\/feuerstuhl.de\/index.php\/wp-json\/wp\/v2\/comments?post=6052"}],"version-history":[{"count":17,"href":"https:\/\/feuerstuhl.de\/index.php\/wp-json\/wp\/v2\/pages\/6052\/revisions"}],"predecessor-version":[{"id":6252,"href":"https:\/\/feuerstuhl.de\/index.php\/wp-json\/wp\/v2\/pages\/6052\/revisions\/6252"}],"wp:attachment":[{"href":"https:\/\/feuerstuhl.de\/index.php\/wp-json\/wp\/v2\/media?parent=6052"}],"curies":[{"name":"wp","href":"https:\/\/api.w.org\/{rel}","templated":true}]}}